{"id":1280,"date":"2021-03-26T14:31:53","date_gmt":"2021-03-26T13:31:53","guid":{"rendered":"https:\/\/www.colegiopedrojrubio.es\/?page_id=1280"},"modified":"2021-03-26T14:31:53","modified_gmt":"2021-03-26T13:31:53","slug":"la-ciudad-de-los-ninos-y-las-ninas","status":"publish","type":"page","link":"https:\/\/www.colegiopedrojrubio.es\/index.php\/la-ciudad-de-los-ninos-y-las-ninas\/","title":{"rendered":"La ciudad de los ni\u00f1os y las ni\u00f1as"},"content":{"rendered":"\n<p>La Ciudad de los Ni\u00f1os y de las Ni\u00f1as es un proyecto internacional de participaci\u00f3n ciudadana (en marcha en m\u00e1s de 200 ciudades del mundo) que pretende que los ni\u00f1os y ni\u00f1as sean protagonistas de la construcci\u00f3n de la ciudad y que la ciudad se vaya dise\u00f1ando tomando al ni\u00f1o y la ni\u00f1a como medida.<\/p>\n\n\n\n<p>El CEIP Pedro J Rubio participa activamente en los diferentes proyectos que se proponen desde el Ayuntamiento y la Universidad de Zaragoza, organizadores fundamentales de dicho proyecto en nuestra ciudad.<\/p>\n\n\n\n<p>Cada curso escola, el centro tiene como referencia a un consejero y consejera de 5\u00ba y 6\u00ba de E.P, que asisten a los consejos en representaci\u00f3n de todo el alumnado, para m\u00e1s tarde exponer las propuestas realizadas.<\/p>\n\n\n\n<p>++Presentaci\u00f3n del consejero y consejera y las propuestas del curso escolar 2020-2021.<\/p>\n\n\n\n<p>Enlace: <a rel=\"noreferrer noopener\" href=\"https:\/\/wp.catedu.es\/aula4apedrojrubio\/category\/la-ciudad-de-los-ninos-y-las-ninas\/\" target=\"_blank\">https:\/\/wp.catedu.es\/aula4apedrojrubio\/category\/la-ciudad-de-los-ninos-y-las-ninas\/<\/a><\/p>\n\n\n\n<p>Enlace proyecto internacional: <a rel=\"noreferrer noopener\" href=\"https:\/\/www.lacittadeibambini.org\/es\/\" target=\"_blank\">https:\/\/www.lacittadeibambini.org\/es\/<\/a><\/p>\n\n\n\n<p>Enlace proyecto Ayuntamiento Huesca: <a href=\"https:\/\/www.huesca.es\/areas\/infancia\/ciudad-de-las-ninas-y-de-los-ninos\">https:\/\/www.huesca.es\/areas\/infancia\/ciudad-de-las-ninas-y-de-los-ninos<\/a><\/p>\n\n\n\n<p>++ M\u00e1s informaci\u00f3n en el <a href=\"http:\/\/colegiopedrojrubio.es\/periodico\/\" target=\"_blank\" rel=\"noreferrer noopener\">Peri\u00f3dico ColeBoom<\/a>.<\/p>\n","protected":false},"excerpt":{"rendered":"<p>La Ciudad de los Ni\u00f1os y de las Ni\u00f1as es un proyecto internacional de participaci\u00f3n ciudadana (en marcha en m\u00e1s de 200 ciudades del mundo) que pretende que los ni\u00f1os y ni\u00f1as sean protagonistas de la construcci\u00f3n de la ciudad&#8230;<\/p>\n","protected":false},"author":1,"featured_media":0,"parent":0,"menu_order":0,"comment_status":"closed","ping_status":"closed","template":"","meta":[],"_links":{"self":[{"href":"https:\/\/www.colegiopedrojrubio.es\/index.php\/wp-json\/wp\/v2\/pages\/1280"}],"collection":[{"href":"https:\/\/www.colegiopedrojrubio.es\/index.php\/wp-json\/wp\/v2\/pages"}],"about":[{"href":"https:\/\/www.colegiopedrojrubio.es\/index.php\/wp-json\/wp\/v2\/types\/page"}],"author":[{"embeddable":true,"href":"https:\/\/www.colegiopedrojrubio.es\/index.php\/wp-json\/wp\/v2\/users\/1"}],"replies":[{"embeddable":true,"href":"https:\/\/www.colegiopedrojrubio.es\/index.php\/wp-json\/wp\/v2\/comments?post=1280"}],"version-history":[{"count":2,"href":"https:\/\/www.colegiopedrojrubio.es\/index.php\/wp-json\/wp\/v2\/pages\/1280\/revisions"}],"predecessor-version":[{"id":1282,"href":"https:\/\/www.colegiopedrojrubio.es\/index.php\/wp-json\/wp\/v2\/pages\/1280\/revisions\/1282"}],"wp:attachment":[{"href":"https:\/\/www.colegiopedrojrubio.es\/index.php\/wp-json\/wp\/v2\/media?parent=1280"}],"curies":[{"name":"wp","href":"https:\/\/api.w.org\/{rel}","templated":true}]}}