{"id":150,"date":"2017-11-29T12:04:17","date_gmt":"2017-11-29T11:04:17","guid":{"rendered":"http:\/\/localhost\/wordpress2\/?page_id=2"},"modified":"2017-11-29T12:04:17","modified_gmt":"2017-11-29T11:04:17","slug":"funcionamiento-centro","status":"publish","type":"page","link":"https:\/\/www.colegiopedrojrubio.es\/index.php\/funcionamiento-centro\/","title":{"rendered":"Funcionamiento del centro"},"content":{"rendered":"<p><strong>PRINCIPIOS DE IDENTIDAD DEL CENTRO<\/strong><\/p>\n<p>1.- Que sea una Escuela que eduque en la autonom\u00eda personal, capacidad creativa y cr\u00edtica; facilitadora de un desarrollo social satisfactorio que contemple los valores \u00e9ticos.<br \/>\n2.- Que sea una Comunidad Educativa integradora que forme a las personas teniendo en cuenta sus diversas facetas: f\u00edsicas, intelectuales, culturales, sociales, afectivas, creativas y morales.<br \/>\n3.- Que sea una Escuela que eduque en los principios de justicia, valores democr\u00e1ticos: pluralismo, participaci\u00f3n, di\u00e1logo y convivencia; solidaria y respetuosa con los dem\u00e1s asumiendo las diferencias existentes.<br \/>\n4.- Que sea una Comunidad abierta y en contacto con el conocimiento de la realidad f\u00edsica, social y cultural del entorno y respetuosa con el medio ambiente.<br \/>\n5.- Que sea una Escuela que no adopte posici\u00f3n religiosa o ideol\u00f3gica, sino de total respeto hacia las creencias de cada persona.<br \/>\n6.- Que sea una Escuela que desarrolle los h\u00e1bitos de trabajo, lectura y usos racionales de los bienes frente al consumo.<br \/>\n7.- Que sea una Escuela que resalte la importancia del conocimiento de una lengua extranjera como fuente de oportunidad de todo orden; que cree v\u00ednculos de tolerancia entre las personas de distintos or\u00edgenes ling\u00fc\u00edsticos y que resalte las ventajas del aprendizaje a una edad temprana de una lengua extranjera.<br \/>\n8.- Que sea una Escuela que de respuesta educativa a las diferentes necesidades del alumnado desde una perspectiva integradora, plural, intercultural, humanista y personalizadora; abierta a la diversidad como fuente de enriquecimiento personal, cultural y social.<\/p>\n<p><strong>HORARIO DEL CENTRO<\/strong><\/p>\n<ul>\n<li>Jornada reducida:<\/li>\n<\/ul>\n<p style=\"padding-left: 40px;\">9:00 &#8211; 13:00 h.<\/p>\n<ul>\n<li>Jornada completa:<\/li>\n<\/ul>\n<p style=\"padding-left: 40px;\">9:00 &#8211; 14:00 h.<\/p>\n","protected":false},"excerpt":{"rendered":"<p>PRINCIPIOS DE IDENTIDAD DEL CENTRO 1.- Que sea una Escuela que eduque en la autonom\u00eda personal, capacidad creativa y cr\u00edtica; facilitadora de un desarrollo social satisfactorio que contemple los valores \u00e9ticos. 2.- Que sea una Comunidad Educativa integradora que forme&#8230;<\/p>\n","protected":false},"author":1,"featured_media":314,"parent":0,"menu_order":0,"comment_status":"closed","ping_status":"closed","template":"","meta":[],"_links":{"self":[{"href":"https:\/\/www.colegiopedrojrubio.es\/index.php\/wp-json\/wp\/v2\/pages\/150"}],"collection":[{"href":"https:\/\/www.colegiopedrojrubio.es\/index.php\/wp-json\/wp\/v2\/pages"}],"about":[{"href":"https:\/\/www.colegiopedrojrubio.es\/index.php\/wp-json\/wp\/v2\/types\/page"}],"author":[{"embeddable":true,"href":"https:\/\/www.colegiopedrojrubio.es\/index.php\/wp-json\/wp\/v2\/users\/1"}],"replies":[{"embeddable":true,"href":"https:\/\/www.colegiopedrojrubio.es\/index.php\/wp-json\/wp\/v2\/comments?post=150"}],"version-history":[{"count":0,"href":"https:\/\/www.colegiopedrojrubio.es\/index.php\/wp-json\/wp\/v2\/pages\/150\/revisions"}],"wp:featuredmedia":[{"embeddable":true,"href":"https:\/\/www.colegiopedrojrubio.es\/index.php\/wp-json\/wp\/v2\/media\/314"}],"wp:attachment":[{"href":"https:\/\/www.colegiopedrojrubio.es\/index.php\/wp-json\/wp\/v2\/media?parent=150"}],"curies":[{"name":"wp","href":"https:\/\/api.w.org\/{rel}","templated":true}]}}