{"id":151,"date":"2017-12-03T21:57:21","date_gmt":"2017-12-03T20:57:21","guid":{"rendered":"http:\/\/localhost\/wordpress\/?page_id=11"},"modified":"2023-09-14T20:52:22","modified_gmt":"2023-09-14T19:52:22","slug":"la-figura-de-pedro-j-rubio","status":"publish","type":"page","link":"https:\/\/www.colegiopedrojrubio.es\/index.php\/la-figura-de-pedro-j-rubio\/","title":{"rendered":"La figura de Pedro J. Rubio"},"content":{"rendered":"<p>\u2014 Catal\u00e1n de nacimiento y oscense de adopci\u00f3n, naci\u00f3 el 25 de julio de 1921 en L\u00e9rida. Durante el curso 1937-38 curs\u00f3 y aprob\u00f3 los estudios de Practicante en la Universidad de Barcelona.<\/p>\n<p>De los primeros estudios de Medicina se proyect\u00f3 despu\u00e9s hacia una actividad bancaria en la que trabaj\u00f3 varios a\u00f1os hasta sedimentarse en el terreno educativo.<\/p>\n<p>Se hizo Maestro Nacional en la d\u00e9cada de los 50, en un Plan de muchas metodolog\u00edas y poca did\u00e1ctica. Hizo pr\u00e1cticas en las escuelas de La Bordeta y en la Escuela Aneja de L\u00e9rida.<\/p>\n<p>En las Universidades de Madrid y Barcelona se licenci\u00f3 en Filosof\u00eda y Letras (Secci\u00f3n de Pedagog\u00eda ).<\/p>\n<p>\u2014 El 5 de septiembre de 1953 fue nombrado propietario de la escuela unitaria de Baldellou, en unos a\u00f1os en los que el agua hab\u00eda que irla&nbsp;a buscar muy lejos y las condiciones sanitarias de los pueblos eran distintas a las actuales.<\/p>\n<p>Dividi\u00f3 la escuela en tres secciones correspondientes a los per\u00edodos:<br \/>\nPerfeccionamiento<br \/>\nElemental segundo<br \/>\nElemental primero: con un a\u00f1o de escolaridad y reci\u00e9n ingresados<\/p>\n<p>Consideraba que no pod\u00eda haber reglas r\u00edgidas en una unitaria, program\u00f3 un plan c\u00edclico para los per\u00edodos Elemental 2 y Perfeccionamiento, y m\u00e1s flexible entre \u00e9ste y el Elemental 1, tomando como base los Cuestionarios Nacionales ( de 6 cursos en los per\u00edodos obligatorios ) y sin descuidar la globalizaci\u00f3n.<\/p>\n<p>La labor de la escuela se reflejaba en el cuaderno particular de cada alumno\/a. Pon\u00eda deberes todos los d\u00edas \u201c aunque de buena gana hubiera perdonado de esta obligaci\u00f3n a los m\u00e1s peque\u00f1os, pero sab\u00eda que esto iba a molestar extraordinariamente a los padres \u201c.<\/p>\n<p>Cre\u00eda que una ense\u00f1anza individualizada exige una gran cantidad y variedad de material variable que estaba fuera del alcance de la escasa dotaci\u00f3n de esos tiempos. Trataba de diagnosticar las dificultades de cada alumno\/a mediante la observaci\u00f3n directa del trabajo escolar porque \u201ces tan importante corregir debidamente los ejercicios de los alumnos como la misma preparaci\u00f3n de lecciones\u201d. Usaba la enciclopedia y organiz\u00f3 la biblioteca parroquial en la que program\u00f3 media hora de trabajo aut\u00f3nomo.<\/p>\n<p>Supo ganarse el aprecio de los padres por rechazar el anticuado procedimiento de los castigos corporales favoreciendo la entrevista a solas con los ni\u00f1os mayores razonando sus faltas.<\/p>\n<p>El 28 de febrero de 1955 la Junta Municipal de Educaci\u00f3n de Baldellou le felicita p\u00fablicamente por su labor al frente de la escuela. Para \u00e9l \u201c el maestro no es de una escuela, sino del pueblo \u201c.<\/p>\n<p>\u2014 Del 13 al 17 de diciembre de 1954 participa en la Escuela de Magisterio de L\u00e9rida en un curso de ampliaci\u00f3n pedag\u00f3gica en cuyo programa figuran: los test y su aplicaci\u00f3n; el m\u00e9todo onomatop\u00e9yico de alfabetizaci\u00f3n; pruebas objetivas; extensi\u00f3n cultural; iniciaci\u00f3n profesional; etc.<\/p>\n<p>Obtuvo permiso oficial para la preparaci\u00f3n de oposiciones de inspectores de Educaci\u00f3n B\u00e1sica, sacando el cuarto puesto de la promoci\u00f3n de 1955.<\/p>\n<p>Es nombrado inspector-jefe de Ense\u00f1anza Primaria en Huesca, cargo en el que cesa el 31 de octubre de 1960.<\/p>\n<p>El 22 de febrero de 1974 el Instituto Nacional de Previsi\u00f3n le concede Premio Nacional por su apoyo y entusiasmo a la Obra de Mutualidades y Cotos Escolares que patrocina.<\/p>\n<p>Le gustaba la ense\u00f1anza y no quer\u00eda perder el contacto con los alumnos. Por eso, no debe extra\u00f1ar que durante bastantes a\u00f1os explicara Filosof\u00eda en el colegio de Santa Ana, diera clases de Ingl\u00e9s gratis en el colegio Sancho Ram\u00edrez y mantuviera una academia para preparar oposiciones con don Jes\u00fas M\u00ednguez, en la que obtuvieron estupendos resultados.<\/p>\n<p>El 29 de septiembre de 1980 cesa en el cargo de inspector-secretario de la Inspecci\u00f3n Provincial de Educaci\u00f3n B\u00e1sica de Huesca y ese mismo d\u00eda se le vuelve a nombrar inspector-jefe.<\/p>\n<p>En sus funciones inspectoras era detallista con profesores y alumnos. De los profesores ten\u00eda en cuenta lecturas, intereses, inquietudes, personalidad, problemas, preparaci\u00f3n y desarrollo del trabajo en las distintas \u00e1reas. Fue un hombre humano que pon\u00eda el mayor empe\u00f1o para solucionar los problemas personales que le planteaban.<\/p>\n<p>Se gan\u00f3 fama de t\u00e9cnico. Le entusiasmaban la Matem\u00e1ticas moderna, compraba los \u00faltimos libros para estar al d\u00eda.<\/p>\n<p>Como inspector le toc\u00f3 vivir un cuarto de siglo de per\u00edodo autoritario con apertura final democr\u00e1tica. Se esforz\u00f3 por dar una imagen m\u00e1s tolerante que la correspondiente a su \u00e9poca, tratando de evolucionar mentalmente hacia planteamientos cada vez m\u00e1s progresistas.<\/p>\n<p>El 8 de junio de 1982 falleci\u00f3 a los sesenta a\u00f1os de edad. Su funeral fue una gran manifestaci\u00f3n de duelo. En un estudio que hizo sobre&nbsp;&nbsp;&nbsp; \u00abS\u00e9neca, fil\u00f3sofo y educador \u00ab dec\u00eda: \u201c Finalmente, s\u00f3lo en el desprecio a la muerte adquiere el vivir toda su plenitud. El hombre que ha superado este temor est\u00e1 muy por encima del capricho de los dem\u00e1s y de la inestabilidad de las cosas. En cierto modo participa ya de la ol\u00edmpica paz de los dioses \u201c.<\/p>\n<p><img decoding=\"async\" src=\"http:\/\/arablogs.catedu.es\/repositorio\/1856\/pjr1.jpg\"><\/p>\n","protected":false},"excerpt":{"rendered":"<p>\u2014 Catal\u00e1n de nacimiento y oscense de adopci\u00f3n, naci\u00f3 el 25 de julio de 1921 en L\u00e9rida. Durante el curso 1937-38 curs\u00f3 y aprob\u00f3 los estudios de Practicante en la Universidad de Barcelona. De los primeros estudios de Medicina se&#8230;<\/p>\n","protected":false},"author":1,"featured_media":0,"parent":0,"menu_order":0,"comment_status":"closed","ping_status":"closed","template":"","meta":[],"_links":{"self":[{"href":"https:\/\/www.colegiopedrojrubio.es\/index.php\/wp-json\/wp\/v2\/pages\/151"}],"collection":[{"href":"https:\/\/www.colegiopedrojrubio.es\/index.php\/wp-json\/wp\/v2\/pages"}],"about":[{"href":"https:\/\/www.colegiopedrojrubio.es\/index.php\/wp-json\/wp\/v2\/types\/page"}],"author":[{"embeddable":true,"href":"https:\/\/www.colegiopedrojrubio.es\/index.php\/wp-json\/wp\/v2\/users\/1"}],"replies":[{"embeddable":true,"href":"https:\/\/www.colegiopedrojrubio.es\/index.php\/wp-json\/wp\/v2\/comments?post=151"}],"version-history":[{"count":1,"href":"https:\/\/www.colegiopedrojrubio.es\/index.php\/wp-json\/wp\/v2\/pages\/151\/revisions"}],"predecessor-version":[{"id":2011,"href":"https:\/\/www.colegiopedrojrubio.es\/index.php\/wp-json\/wp\/v2\/pages\/151\/revisions\/2011"}],"wp:attachment":[{"href":"https:\/\/www.colegiopedrojrubio.es\/index.php\/wp-json\/wp\/v2\/media?parent=151"}],"curies":[{"name":"wp","href":"https:\/\/api.w.org\/{rel}","templated":true}]}}